{"id":32,"date":"2025-12-22T20:30:56","date_gmt":"2025-12-22T20:30:56","guid":{"rendered":"https:\/\/gonencteknoloji.com\/?page_id=32"},"modified":"2026-01-27T18:46:14","modified_gmt":"2026-01-27T18:46:14","slug":"iletisim","status":"publish","type":"page","link":"https:\/\/gonencteknoloji.com\/?page_id=32","title":{"rendered":"\u0130leti\u015fim"},"content":{"rendered":"<style>\n  :root{\n    --accent:#0F2A44;\n    --soft:#F5F7FA;\n    --border:#E3E7EC;\n  }<\/p>\n<p>  body{\n    background:var(--soft);\n  }<\/p>\n<p>  .gt-wrap{\n    max-width:1100px;\n    margin:0 auto;\n    padding:40px 16px;\n  }<\/p>\n<p>  .gt-desc{\n    font-size:18px;\n    color:#1f2933;\n    margin:0 0 36px 0;\n    max-width:820px;\n    position:relative;\n  }<\/p>\n<p>  .gt-desc:after{\n    content:\"\";\n    display:block;\n    width:64px;\n    height:3px;\n    background:var(--accent);\n    margin-top:16px;\n    border-radius:4px;\n  }<\/p>\n<p>  .gt-row{\n    display:flex !important;\n    gap:28px;\n    align-items:stretch;\n    flex-wrap:nowrap;\n  }<\/p>\n<p>  .gt-col{\n    flex:1 1 0;\n    min-width:0;\n  }<\/p>\n<p>  .gt-card{\n    background:#fff;\n    border-radius:22px;\n    padding:28px;\n    border-left:5px solid var(--accent);\n    box-shadow:0 10px 24px rgba(15,42,68,0.06);\n  }<\/p>\n<p>  .gt-card h2{\n    margin:0 0 18px 0;\n    font-size:22px;\n    color:var(--accent);\n  }<\/p>\n<p>  .gt-item{\n    margin-bottom:18px;\n    color:#1f2933;\n  }<\/p>\n<p>  .gt-item strong{\n    display:block;\n    margin-bottom:6px;\n    font-weight:600;\n    color:#111827;\n  }<\/p>\n<p>  .gt-link{\n    color:var(--accent);\n    text-decoration:none;\n    border-bottom:1px dashed rgba(15,42,68,.4);\n  }<\/p>\n<p>  .gt-link:hover{\n    opacity:.8;\n  }<\/p>\n<p>  .gt-muted{\n    color:#4b5563;\n    line-height:1.6;\n  }<\/p>\n<p>  .gt-note{\n    margin-top:18px;\n    font-size:13px;\n    color:#374151;\n    background:#F0F4F8;\n    padding:12px 14px;\n    border-radius:12px;\n  }<\/p>\n<p>  .gt-map{\n    border-radius:22px;\n    overflow:hidden;\n    box-shadow:0 10px 24px rgba(15,42,68,0.06);\n  }<\/p>\n<p>  .gt-map iframe{\n    width:100%;\n    height:100%;\n    min-height:380px;\n    border:0;\n    display:block;\n  }<\/p>\n<p>  @media (max-width: 900px){\n    .gt-row{\n      flex-direction:column;\n    }\n  }\n<\/style>\n<section class=\"gt-wrap\">\n<p>  <!-- Ba\u015fl\u0131k yok: Tema zaten sayfa ba\u015fl\u0131\u011f\u0131n\u0131 bas\u0131yor --><\/p>\n<p class=\"gt-sub\">\n    Ke\u015fif, teklif veya teknik dan\u0131\u015fmanl\u0131k talepleriniz i\u00e7in bizimle ileti\u015fime ge\u00e7ebilirsiniz.<br \/>\n    Mesai saatleri i\u00e7inde h\u0131zl\u0131 d\u00f6n\u00fc\u015f sa\u011fl\u0131yoruz.\n  <\/p>\n<div class=\"gt-grid\">\n<p>    <!-- SA\u011e: \u0130LET\u0130\u015e\u0130M + HAR\u0130TA --><\/p>\n<div>\n<div class=\"gt-card\">\n<div class=\"gt-item\">\n          <strong>Telefon<\/strong><br \/>\n          <a class=\"gt-link\" href=\"tel:+905332458229\">+90 533 245 82 29<\/a>\n        <\/div>\n<div class=\"gt-item\">\n          <strong>E-posta<\/strong><br \/>\n          <a class=\"gt-link\" href=\"mailto:info@gonencteknoloji.com\">info@gonencteknoloji.com<\/a>\n        <\/div>\n<div class=\"gt-item\">\n          <strong>Ofis Adresi<\/strong><br \/>\n          <span class=\"gt-muted\"><br \/>\n            19 May\u0131s Mahallesi 19 May\u0131s Caddesi No:22 <br \/>\n            \u015ei\u015fli \/ \u0130stanbul<br \/>\n          <\/span>\n        <\/div>\n<div class=\"gt-note\">\n          Not: Yerinde ke\u015fif ve toplant\u0131lar randevu ile ger\u00e7ekle\u015ftirilmektedir.\n        <\/div>\n<\/p><\/div>\n<div class=\"gt-map\">\n        <iframe\n  src=\"https:\/\/www.google.com\/maps?q=19%20May%C4%B1s%20Mahallesi%2019%20May%C4%B1s%20Caddesi%20No:22%20%C5%9Ei%C5%9Fli%20%C4%B0stanbul&#038;output=embed\"\n  loading=\"lazy\"\n  referrerpolicy=\"no-referrer-when-downgrade\"><br \/>\n<\/iframe><\/p><\/div>\n<\/p><\/div>\n<\/p><\/div>\n<\/section>\n","protected":false},"excerpt":{"rendered":"<p>Ke\u015fif, teklif veya teknik dan\u0131\u015fmanl\u0131k talepleriniz i\u00e7in bizimle ileti\u015fime ge\u00e7ebilirsiniz. Mesai saatleri i\u00e7inde h\u0131zl\u0131 d\u00f6n\u00fc\u015f sa\u011fl\u0131yoruz. Telefon +90 533 245 82 29 E-posta info@gonencteknoloji.com Ofis Adresi 19 May\u0131s Mahallesi 19 May\u0131s Caddesi No:22 \u015ei\u015fli \/ \u0130stanbul Not: Yerinde ke\u015fif ve toplant\u0131lar randevu ile ger\u00e7ekle\u015ftirilmektedir.<\/p>\n","protected":false},"author":1,"featured_media":0,"parent":0,"menu_order":0,"comment_status":"closed","ping_status":"closed","template":"","meta":{"site-sidebar-layout":"default","site-content-layout":"","ast-site-content-layout":"default","site-content-style":"default","site-sidebar-style":"default","ast-global-header-display":"","ast-banner-title-visibility":"","ast-main-header-display":"","ast-hfb-above-header-display":"","ast-hfb-below-header-display":"","ast-hfb-mobile-header-display":"","site-post-title":"","ast-breadcrumbs-content":"","ast-featured-img":"","footer-sml-layout":"","ast-disable-related-posts":"","theme-transparent-header-meta":"default","adv-header-id-meta":"","stick-header-meta":"","header-above-stick-meta":"","header-main-stick-meta":"","header-below-stick-meta":"","astra-migrate-meta-layouts":"set","ast-page-background-enabled":"default","ast-page-background-meta":{"desktop":{"background-color":"var(--ast-global-color-5)","background-image":"","background-repeat":"repeat","background-position":"center center","background-size":"auto","background-attachment":"scroll","background-type":"","background-media":"","overlay-type":"","overlay-color":"","overlay-opacity":"","overlay-gradient":""},"tablet":{"background-color":"","background-image":"","background-repeat":"repeat","background-position":"center center","background-size":"auto","background-attachment":"scroll","background-type":"","background-media":"","overlay-type":"","overlay-color":"","overlay-opacity":"","overlay-gradient":""},"mobile":{"background-color":"","background-image":"","background-repeat":"repeat","background-position":"center center","background-size":"auto","background-attachment":"scroll","background-type":"","background-media":"","overlay-type":"","overlay-color":"","overlay-opacity":"","overlay-gradient":""}},"ast-content-background-meta":{"desktop":{"background-color":"var(--ast-global-color-4)","background-image":"","background-repeat":"repeat","background-position":"center center","background-size":"auto","background-attachment":"scroll","background-type":"","background-media":"","overlay-type":"","overlay-color":"","overlay-opacity":"","overlay-gradient":""},"tablet":{"background-color":"var(--ast-global-color-4)","background-image":"","background-repeat":"repeat","background-position":"center center","background-size":"auto","background-attachment":"scroll","background-type":"","background-media":"","overlay-type":"","overlay-color":"","overlay-opacity":"","overlay-gradient":""},"mobile":{"background-color":"var(--ast-global-color-4)","background-image":"","background-repeat":"repeat","background-position":"center center","background-size":"auto","background-attachment":"scroll","background-type":"","background-media":"","overlay-type":"","overlay-color":"","overlay-opacity":"","overlay-gradient":""}},"footnotes":""},"class_list":["post-32","page","type-page","status-publish","hentry"],"_links":{"self":[{"href":"https:\/\/gonencteknoloji.com\/index.php?rest_route=\/wp\/v2\/pages\/32","targetHints":{"allow":["GET"]}}],"collection":[{"href":"https:\/\/gonencteknoloji.com\/index.php?rest_route=\/wp\/v2\/pages"}],"about":[{"href":"https:\/\/gonencteknoloji.com\/index.php?rest_route=\/wp\/v2\/types\/page"}],"author":[{"embeddable":true,"href":"https:\/\/gonencteknoloji.com\/index.php?rest_route=\/wp\/v2\/users\/1"}],"replies":[{"embeddable":true,"href":"https:\/\/gonencteknoloji.com\/index.php?rest_route=%2Fwp%2Fv2%2Fcomments&post=32"}],"version-history":[{"count":6,"href":"https:\/\/gonencteknoloji.com\/index.php?rest_route=\/wp\/v2\/pages\/32\/revisions"}],"predecessor-version":[{"id":139,"href":"https:\/\/gonencteknoloji.com\/index.php?rest_route=\/wp\/v2\/pages\/32\/revisions\/139"}],"wp:attachment":[{"href":"https:\/\/gonencteknoloji.com\/index.php?rest_route=%2Fwp%2Fv2%2Fmedia&parent=32"}],"curies":[{"name":"wp","href":"https:\/\/api.w.org\/{rel}","templated":true}]}}