{"id":123,"date":"2026-01-27T18:08:10","date_gmt":"2026-01-27T18:08:10","guid":{"rendered":"https:\/\/gonencteknoloji.com\/?page_id=123"},"modified":"2026-01-27T19:32:23","modified_gmt":"2026-01-27T19:32:23","slug":"biz-kimiz","status":"publish","type":"page","link":"https:\/\/gonencteknoloji.com\/?page_id=123","title":{"rendered":"Biz Kimiz"},"content":{"rendered":"<p>G\u00f6nen\u00e7 Teknoloji, kurumlar\u0131n bili\u015fim altyap\u0131lar\u0131n\u0131 do\u011fru \u015fekilde tasarlayan, y\u00f6neten ve geli\u015ftiren g\u00fcvenilir bir teknoloji \u00e7\u00f6z\u00fcm orta\u011f\u0131d\u0131r.<\/p>\n<p>20 y\u0131l\u0131 a\u015fk\u0131n sekt\u00f6rel deneyimimizle; kurumsal IT, sistem, a\u011f ve siber g\u00fcvenlik alanlar\u0131nda i\u015fletmelere \u00f6zel, \u00f6l\u00e7eklenebilir ve s\u00fcrd\u00fcr\u00fclebilir \u00e7\u00f6z\u00fcmler sunuyoruz. Her projede kurumlar\u0131n mevcut yap\u0131lar\u0131n\u0131 ve i\u015f hedeflerini merkeze alarak hareket ediyor; teknolojiyi bir maliyet unsuru de\u011fil, stratejik bir yat\u0131r\u0131m olarak konumland\u0131r\u0131yoruz.<\/p>\n<p>Teknolojiyi sadele\u015ftiren yakla\u015f\u0131m\u0131m\u0131z sayesinde; kurumlar\u0131n operasyonel verimlili\u011fini art\u0131ran, riskleri minimize eden ve onlar\u0131 gelece\u011fe haz\u0131r hale getiren \u00e7\u00f6z\u00fcmler geli\u015ftiriyoruz.<\/p>\n","protected":false},"excerpt":{"rendered":"<p>G\u00f6nen\u00e7 Teknoloji, kurumlar\u0131n bili\u015fim altyap\u0131lar\u0131n\u0131 do\u011fru \u015fekilde tasarlayan, y\u00f6neten ve geli\u015ftiren g\u00fcvenilir bir teknoloji \u00e7\u00f6z\u00fcm orta\u011f\u0131d\u0131r. 20 y\u0131l\u0131 a\u015fk\u0131n sekt\u00f6rel deneyimimizle; kurumsal IT, sistem, a\u011f ve siber g\u00fcvenlik alanlar\u0131nda i\u015fletmelere \u00f6zel, \u00f6l\u00e7eklenebilir ve s\u00fcrd\u00fcr\u00fclebilir \u00e7\u00f6z\u00fcmler sunuyoruz. Her projede kurumlar\u0131n mevcut yap\u0131lar\u0131n\u0131 ve i\u015f hedeflerini merkeze alarak hareket ediyor; teknolojiyi bir maliyet unsuru de\u011fil, stratejik bir [&hellip;]<\/p>\n","protected":false},"author":1,"featured_media":0,"parent":0,"menu_order":0,"comment_status":"closed","ping_status":"closed","template":"","meta":{"site-sidebar-layout":"default","site-content-layout":"","ast-site-content-layout":"default","site-content-style":"default","site-sidebar-style":"default","ast-global-header-display":"","ast-banner-title-visibility":"","ast-main-header-display":"","ast-hfb-above-header-display":"","ast-hfb-below-header-display":"","ast-hfb-mobile-header-display":"","site-post-title":"","ast-breadcrumbs-content":"","ast-featured-img":"","footer-sml-layout":"","ast-disable-related-posts":"","theme-transparent-header-meta":"default","adv-header-id-meta":"","stick-header-meta":"","header-above-stick-meta":"","header-main-stick-meta":"","header-below-stick-meta":"","astra-migrate-meta-layouts":"set","ast-page-background-enabled":"default","ast-page-background-meta":{"desktop":{"background-color":"var(--ast-global-color-5)","background-image":"","background-repeat":"repeat","background-position":"center center","background-size":"auto","background-attachment":"scroll","background-type":"","background-media":"","overlay-type":"","overlay-color":"","overlay-opacity":"","overlay-gradient":""},"tablet":{"background-color":"","background-image":"","background-repeat":"repeat","background-position":"center center","background-size":"auto","background-attachment":"scroll","background-type":"","background-media":"","overlay-type":"","overlay-color":"","overlay-opacity":"","overlay-gradient":""},"mobile":{"background-color":"","background-image":"","background-repeat":"repeat","background-position":"center center","background-size":"auto","background-attachment":"scroll","background-type":"","background-media":"","overlay-type":"","overlay-color":"","overlay-opacity":"","overlay-gradient":""}},"ast-content-background-meta":{"desktop":{"background-color":"var(--ast-global-color-4)","background-image":"","background-repeat":"repeat","background-position":"center center","background-size":"auto","background-attachment":"scroll","background-type":"","background-media":"","overlay-type":"","overlay-color":"","overlay-opacity":"","overlay-gradient":""},"tablet":{"background-color":"var(--ast-global-color-4)","background-image":"","background-repeat":"repeat","background-position":"center center","background-size":"auto","background-attachment":"scroll","background-type":"","background-media":"","overlay-type":"","overlay-color":"","overlay-opacity":"","overlay-gradient":""},"mobile":{"background-color":"var(--ast-global-color-4)","background-image":"","background-repeat":"repeat","background-position":"center center","background-size":"auto","background-attachment":"scroll","background-type":"","background-media":"","overlay-type":"","overlay-color":"","overlay-opacity":"","overlay-gradient":""}},"footnotes":""},"class_list":["post-123","page","type-page","status-publish","hentry"],"_links":{"self":[{"href":"https:\/\/gonencteknoloji.com\/index.php?rest_route=\/wp\/v2\/pages\/123","targetHints":{"allow":["GET"]}}],"collection":[{"href":"https:\/\/gonencteknoloji.com\/index.php?rest_route=\/wp\/v2\/pages"}],"about":[{"href":"https:\/\/gonencteknoloji.com\/index.php?rest_route=\/wp\/v2\/types\/page"}],"author":[{"embeddable":true,"href":"https:\/\/gonencteknoloji.com\/index.php?rest_route=\/wp\/v2\/users\/1"}],"replies":[{"embeddable":true,"href":"https:\/\/gonencteknoloji.com\/index.php?rest_route=%2Fwp%2Fv2%2Fcomments&post=123"}],"version-history":[{"count":3,"href":"https:\/\/gonencteknoloji.com\/index.php?rest_route=\/wp\/v2\/pages\/123\/revisions"}],"predecessor-version":[{"id":140,"href":"https:\/\/gonencteknoloji.com\/index.php?rest_route=\/wp\/v2\/pages\/123\/revisions\/140"}],"wp:attachment":[{"href":"https:\/\/gonencteknoloji.com\/index.php?rest_route=%2Fwp%2Fv2%2Fmedia&parent=123"}],"curies":[{"name":"wp","href":"https:\/\/api.w.org\/{rel}","templated":true}]}}