{"id":114,"date":"2025-12-24T12:36:50","date_gmt":"2025-12-24T12:36:50","guid":{"rendered":"https:\/\/gonencteknoloji.com\/?page_id=114"},"modified":"2025-12-24T12:36:50","modified_gmt":"2025-12-24T12:36:50","slug":"microsoft-365-kurumsal-e-posta","status":"publish","type":"page","link":"https:\/\/gonencteknoloji.com\/?page_id=114","title":{"rendered":"Microsoft 365 &#038; Kurumsal E-posta"},"content":{"rendered":"<p>Mail altyap\u0131n\u0131z\u0131 g\u00fcvenli hale getirir; SPF\/DKIM\/DMARC, anti-spam ve kurumsal politikalar\u0131 d\u00fczenleriz.<\/p>\n<p>SPF\/DKIM\/DMARC kurgusu<br \/>\nMail flow, transport rule, g\u00fcvenlik politikalar\u0131<br \/>\nExchange Online g\u00fcvenlik iyile\u015ftirmeleri<br \/>\nYetkilendirme, MFA, conditional access<br \/>\n\u00c7\u0131kt\u0131: G\u00fcvenli mail ak\u0131\u015f\u0131 + teslimat iyile\u015ftirmesi.<\/p>\n","protected":false},"excerpt":{"rendered":"<p>Mail altyap\u0131n\u0131z\u0131 g\u00fcvenli hale getirir; SPF\/DKIM\/DMARC, anti-spam ve kurumsal politikalar\u0131 d\u00fczenleriz. SPF\/DKIM\/DMARC kurgusu Mail flow, transport rule, g\u00fcvenlik politikalar\u0131 Exchange Online g\u00fcvenlik iyile\u015ftirmeleri Yetkilendirme, MFA, conditional access \u00c7\u0131kt\u0131: G\u00fcvenli mail ak\u0131\u015f\u0131 + teslimat iyile\u015ftirmesi.<\/p>\n","protected":false},"author":1,"featured_media":0,"parent":0,"menu_order":0,"comment_status":"closed","ping_status":"closed","template":"","meta":{"site-sidebar-layout":"default","site-content-layout":"","ast-site-content-layout":"default","site-content-style":"default","site-sidebar-style":"default","ast-global-header-display":"","ast-banner-title-visibility":"","ast-main-header-display":"","ast-hfb-above-header-display":"","ast-hfb-below-header-display":"","ast-hfb-mobile-header-display":"","site-post-title":"","ast-breadcrumbs-content":"","ast-featured-img":"","footer-sml-layout":"","ast-disable-related-posts":"","theme-transparent-header-meta":"default","adv-header-id-meta":"","stick-header-meta":"","header-above-stick-meta":"","header-main-stick-meta":"","header-below-stick-meta":"","astra-migrate-meta-layouts":"set","ast-page-background-enabled":"default","ast-page-background-meta":{"desktop":{"background-color":"var(--ast-global-color-5)","background-image":"","background-repeat":"repeat","background-position":"center center","background-size":"auto","background-attachment":"scroll","background-type":"","background-media":"","overlay-type":"","overlay-color":"","overlay-opacity":"","overlay-gradient":""},"tablet":{"background-color":"","background-image":"","background-repeat":"repeat","background-position":"center center","background-size":"auto","background-attachment":"scroll","background-type":"","background-media":"","overlay-type":"","overlay-color":"","overlay-opacity":"","overlay-gradient":""},"mobile":{"background-color":"","background-image":"","background-repeat":"repeat","background-position":"center center","background-size":"auto","background-attachment":"scroll","background-type":"","background-media":"","overlay-type":"","overlay-color":"","overlay-opacity":"","overlay-gradient":""}},"ast-content-background-meta":{"desktop":{"background-color":"var(--ast-global-color-4)","background-image":"","background-repeat":"repeat","background-position":"center center","background-size":"auto","background-attachment":"scroll","background-type":"","background-media":"","overlay-type":"","overlay-color":"","overlay-opacity":"","overlay-gradient":""},"tablet":{"background-color":"var(--ast-global-color-4)","background-image":"","background-repeat":"repeat","background-position":"center center","background-size":"auto","background-attachment":"scroll","background-type":"","background-media":"","overlay-type":"","overlay-color":"","overlay-opacity":"","overlay-gradient":""},"mobile":{"background-color":"var(--ast-global-color-4)","background-image":"","background-repeat":"repeat","background-position":"center center","background-size":"auto","background-attachment":"scroll","background-type":"","background-media":"","overlay-type":"","overlay-color":"","overlay-opacity":"","overlay-gradient":""}},"footnotes":""},"class_list":["post-114","page","type-page","status-publish","hentry"],"_links":{"self":[{"href":"https:\/\/gonencteknoloji.com\/index.php?rest_route=\/wp\/v2\/pages\/114","targetHints":{"allow":["GET"]}}],"collection":[{"href":"https:\/\/gonencteknoloji.com\/index.php?rest_route=\/wp\/v2\/pages"}],"about":[{"href":"https:\/\/gonencteknoloji.com\/index.php?rest_route=\/wp\/v2\/types\/page"}],"author":[{"embeddable":true,"href":"https:\/\/gonencteknoloji.com\/index.php?rest_route=\/wp\/v2\/users\/1"}],"replies":[{"embeddable":true,"href":"https:\/\/gonencteknoloji.com\/index.php?rest_route=%2Fwp%2Fv2%2Fcomments&post=114"}],"version-history":[{"count":1,"href":"https:\/\/gonencteknoloji.com\/index.php?rest_route=\/wp\/v2\/pages\/114\/revisions"}],"predecessor-version":[{"id":116,"href":"https:\/\/gonencteknoloji.com\/index.php?rest_route=\/wp\/v2\/pages\/114\/revisions\/116"}],"wp:attachment":[{"href":"https:\/\/gonencteknoloji.com\/index.php?rest_route=%2Fwp%2Fv2%2Fmedia&parent=114"}],"curies":[{"name":"wp","href":"https:\/\/api.w.org\/{rel}","templated":true}]}}