{"id":108,"date":"2025-12-24T12:36:13","date_gmt":"2025-12-24T12:36:13","guid":{"rendered":"https:\/\/gonencteknoloji.com\/?page_id=108"},"modified":"2025-12-24T12:36:13","modified_gmt":"2025-12-24T12:36:13","slug":"sunucu-sanallastirma","status":"publish","type":"page","link":"https:\/\/gonencteknoloji.com\/?page_id=108","title":{"rendered":"Sunucu &#038; Sanalla\u015ft\u0131rma"},"content":{"rendered":"<p>Sunucu altyap\u0131n\u0131z\u0131 modernize eder, kaynaklar\u0131 verimli kullan\u0131r ve i\u015f s\u00fcreklili\u011fini art\u0131r\u0131r\u0131z.<\/p>\n<p>Windows Server kurulum, AD\/DNS\/DHCP tasar\u0131m\u0131<br \/>\nHyper-V \/ VMware kurulum &#038; optimizasyon<br \/>\nYedekleme stratejisi, DR (felaket kurtarma) plan\u0131<br \/>\nDepolama\/NAS, payla\u015f\u0131m, izin mimarisi<br \/>\n\u00c7\u0131kt\u0131: Stabil altyap\u0131 + backup\/DR kurgusu.<\/p>\n","protected":false},"excerpt":{"rendered":"<p>Sunucu altyap\u0131n\u0131z\u0131 modernize eder, kaynaklar\u0131 verimli kullan\u0131r ve i\u015f s\u00fcreklili\u011fini art\u0131r\u0131r\u0131z. Windows Server kurulum, AD\/DNS\/DHCP tasar\u0131m\u0131 Hyper-V \/ VMware kurulum &#038; optimizasyon Yedekleme stratejisi, DR (felaket kurtarma) plan\u0131 Depolama\/NAS, payla\u015f\u0131m, izin mimarisi \u00c7\u0131kt\u0131: Stabil altyap\u0131 + backup\/DR kurgusu.<\/p>\n","protected":false},"author":1,"featured_media":0,"parent":0,"menu_order":0,"comment_status":"closed","ping_status":"closed","template":"","meta":{"site-sidebar-layout":"default","site-content-layout":"","ast-site-content-layout":"default","site-content-style":"default","site-sidebar-style":"default","ast-global-header-display":"","ast-banner-title-visibility":"","ast-main-header-display":"","ast-hfb-above-header-display":"","ast-hfb-below-header-display":"","ast-hfb-mobile-header-display":"","site-post-title":"","ast-breadcrumbs-content":"","ast-featured-img":"","footer-sml-layout":"","ast-disable-related-posts":"","theme-transparent-header-meta":"default","adv-header-id-meta":"","stick-header-meta":"","header-above-stick-meta":"","header-main-stick-meta":"","header-below-stick-meta":"","astra-migrate-meta-layouts":"set","ast-page-background-enabled":"default","ast-page-background-meta":{"desktop":{"background-color":"var(--ast-global-color-5)","background-image":"","background-repeat":"repeat","background-position":"center center","background-size":"auto","background-attachment":"scroll","background-type":"","background-media":"","overlay-type":"","overlay-color":"","overlay-opacity":"","overlay-gradient":""},"tablet":{"background-color":"","background-image":"","background-repeat":"repeat","background-position":"center center","background-size":"auto","background-attachment":"scroll","background-type":"","background-media":"","overlay-type":"","overlay-color":"","overlay-opacity":"","overlay-gradient":""},"mobile":{"background-color":"","background-image":"","background-repeat":"repeat","background-position":"center center","background-size":"auto","background-attachment":"scroll","background-type":"","background-media":"","overlay-type":"","overlay-color":"","overlay-opacity":"","overlay-gradient":""}},"ast-content-background-meta":{"desktop":{"background-color":"var(--ast-global-color-4)","background-image":"","background-repeat":"repeat","background-position":"center center","background-size":"auto","background-attachment":"scroll","background-type":"","background-media":"","overlay-type":"","overlay-color":"","overlay-opacity":"","overlay-gradient":""},"tablet":{"background-color":"var(--ast-global-color-4)","background-image":"","background-repeat":"repeat","background-position":"center center","background-size":"auto","background-attachment":"scroll","background-type":"","background-media":"","overlay-type":"","overlay-color":"","overlay-opacity":"","overlay-gradient":""},"mobile":{"background-color":"var(--ast-global-color-4)","background-image":"","background-repeat":"repeat","background-position":"center center","background-size":"auto","background-attachment":"scroll","background-type":"","background-media":"","overlay-type":"","overlay-color":"","overlay-opacity":"","overlay-gradient":""}},"footnotes":""},"class_list":["post-108","page","type-page","status-publish","hentry"],"_links":{"self":[{"href":"https:\/\/gonencteknoloji.com\/index.php?rest_route=\/wp\/v2\/pages\/108","targetHints":{"allow":["GET"]}}],"collection":[{"href":"https:\/\/gonencteknoloji.com\/index.php?rest_route=\/wp\/v2\/pages"}],"about":[{"href":"https:\/\/gonencteknoloji.com\/index.php?rest_route=\/wp\/v2\/types\/page"}],"author":[{"embeddable":true,"href":"https:\/\/gonencteknoloji.com\/index.php?rest_route=\/wp\/v2\/users\/1"}],"replies":[{"embeddable":true,"href":"https:\/\/gonencteknoloji.com\/index.php?rest_route=%2Fwp%2Fv2%2Fcomments&post=108"}],"version-history":[{"count":1,"href":"https:\/\/gonencteknoloji.com\/index.php?rest_route=\/wp\/v2\/pages\/108\/revisions"}],"predecessor-version":[{"id":110,"href":"https:\/\/gonencteknoloji.com\/index.php?rest_route=\/wp\/v2\/pages\/108\/revisions\/110"}],"wp:attachment":[{"href":"https:\/\/gonencteknoloji.com\/index.php?rest_route=%2Fwp%2Fv2%2Fmedia&parent=108"}],"curies":[{"name":"wp","href":"https:\/\/api.w.org\/{rel}","templated":true}]}}