{"id":105,"date":"2025-12-24T12:36:00","date_gmt":"2025-12-24T12:36:00","guid":{"rendered":"https:\/\/gonencteknoloji.com\/?page_id=105"},"modified":"2026-01-27T19:31:24","modified_gmt":"2026-01-27T19:31:24","slug":"firewall-siber-guvenlik","status":"publish","type":"page","link":"https:\/\/gonencteknoloji.com\/?page_id=105","title":{"rendered":"Firewall &#038; Siber G\u00fcvenlik"},"content":{"rendered":"<section class=\"gt-service\">\n<p>\n    Kurumlar\u0131n dijital varl\u0131klar\u0131n\u0131 korumak i\u00e7in g\u00fc\u00e7l\u00fc, s\u00fcrd\u00fcr\u00fclebilir ve do\u011fru kurgulanm\u0131\u015f bir g\u00fcvenlik mimarisi \u015fartt\u0131r.<br \/>\n    Firewall ve siber g\u00fcvenlik \u00e7\u00f6z\u00fcmlerimizle; a\u011f trafi\u011finizi kontrol alt\u0131na al\u0131r, yetkisiz eri\u015fimleri engeller ve olas\u0131 tehditlere kar\u015f\u0131 proaktif koruma sa\u011flar\u0131z.\n  <\/p>\n<h2>Neler Yap\u0131yoruz?<\/h2>\n<h3>Firewall Kurulumu ve Konfig\u00fcrasyonu<\/h3>\n<ul>\n<li>G\u00fcvenlik duvar\u0131 kurulumu<\/li>\n<li>Policy ve NAT yap\u0131land\u0131rmalar\u0131<\/li>\n<li>\u0130\u00e7 ve d\u0131\u015f a\u011f trafi\u011finin kontroll\u00fc y\u00f6netimi<\/li>\n<\/ul>\n<h3>VPN \u00c7\u00f6z\u00fcmleri<\/h3>\n<ul>\n<li>Site-to-Site VPN kurulumlar\u0131<\/li>\n<li>SSL VPN ile g\u00fcvenli uzaktan eri\u015fim<\/li>\n<li>Performans ve g\u00fcvenlik optimizasyonlar\u0131<\/li>\n<\/ul>\n<h3>Geli\u015fmi\u015f G\u00fcvenlik Katmanlar\u0131<\/h3>\n<ul>\n<li>IPS \/ IDS yap\u0131land\u0131rmalar\u0131<\/li>\n<li>Web filtreleme ve uygulama kontrol\u00fc<\/li>\n<li>Zararl\u0131 trafik ve yetkisiz eri\u015fim engelleme<\/li>\n<\/ul>\n<h3>Loglama ve G\u00fcvenlik S\u0131k\u0131la\u015ft\u0131rma<\/h3>\n<ul>\n<li>Merkezi loglama ve alarm mekanizmalar\u0131<\/li>\n<li>G\u00fcvenlik hardening \u00e7al\u0131\u015fmalar\u0131<\/li>\n<li>Olaylara h\u0131zl\u0131 m\u00fcdahale i\u00e7in izleme altyap\u0131s\u0131<\/li>\n<\/ul>\n<h2>\u00c7\u0131kt\u0131lar<\/h2>\n<ul>\n<li>Kuruma \u00f6zel g\u00fcvenlik politikalar\u0131<\/li>\n<li>Yap\u0131land\u0131rma ve durum teknik raporu<\/li>\n<li>S\u00fcrekli kontrol i\u00e7in izleme ve m\u00fcdahale plan\u0131<\/li>\n<\/ul>\n<\/section>\n","protected":false},"excerpt":{"rendered":"<p>Kurumlar\u0131n dijital varl\u0131klar\u0131n\u0131 korumak i\u00e7in g\u00fc\u00e7l\u00fc, s\u00fcrd\u00fcr\u00fclebilir ve do\u011fru kurgulanm\u0131\u015f bir g\u00fcvenlik mimarisi \u015fartt\u0131r. Firewall ve siber g\u00fcvenlik \u00e7\u00f6z\u00fcmlerimizle; a\u011f trafi\u011finizi kontrol alt\u0131na al\u0131r, yetkisiz eri\u015fimleri engeller ve olas\u0131 tehditlere kar\u015f\u0131 proaktif koruma sa\u011flar\u0131z. Neler Yap\u0131yoruz? Firewall Kurulumu ve Konfig\u00fcrasyonu G\u00fcvenlik duvar\u0131 kurulumu Policy ve NAT yap\u0131land\u0131rmalar\u0131 \u0130\u00e7 ve d\u0131\u015f a\u011f trafi\u011finin kontroll\u00fc y\u00f6netimi VPN [&hellip;]<\/p>\n","protected":false},"author":1,"featured_media":0,"parent":0,"menu_order":0,"comment_status":"closed","ping_status":"closed","template":"","meta":{"site-sidebar-layout":"default","site-content-layout":"","ast-site-content-layout":"default","site-content-style":"default","site-sidebar-style":"default","ast-global-header-display":"","ast-banner-title-visibility":"","ast-main-header-display":"","ast-hfb-above-header-display":"","ast-hfb-below-header-display":"","ast-hfb-mobile-header-display":"","site-post-title":"","ast-breadcrumbs-content":"","ast-featured-img":"","footer-sml-layout":"","ast-disable-related-posts":"","theme-transparent-header-meta":"default","adv-header-id-meta":"","stick-header-meta":"","header-above-stick-meta":"","header-main-stick-meta":"","header-below-stick-meta":"","astra-migrate-meta-layouts":"set","ast-page-background-enabled":"default","ast-page-background-meta":{"desktop":{"background-color":"var(--ast-global-color-5)","background-image":"","background-repeat":"repeat","background-position":"center center","background-size":"auto","background-attachment":"scroll","background-type":"","background-media":"","overlay-type":"","overlay-color":"","overlay-opacity":"","overlay-gradient":""},"tablet":{"background-color":"","background-image":"","background-repeat":"repeat","background-position":"center center","background-size":"auto","background-attachment":"scroll","background-type":"","background-media":"","overlay-type":"","overlay-color":"","overlay-opacity":"","overlay-gradient":""},"mobile":{"background-color":"","background-image":"","background-repeat":"repeat","background-position":"center center","background-size":"auto","background-attachment":"scroll","background-type":"","background-media":"","overlay-type":"","overlay-color":"","overlay-opacity":"","overlay-gradient":""}},"ast-content-background-meta":{"desktop":{"background-color":"var(--ast-global-color-4)","background-image":"","background-repeat":"repeat","background-position":"center center","background-size":"auto","background-attachment":"scroll","background-type":"","background-media":"","overlay-type":"","overlay-color":"","overlay-opacity":"","overlay-gradient":""},"tablet":{"background-color":"var(--ast-global-color-4)","background-image":"","background-repeat":"repeat","background-position":"center center","background-size":"auto","background-attachment":"scroll","background-type":"","background-media":"","overlay-type":"","overlay-color":"","overlay-opacity":"","overlay-gradient":""},"mobile":{"background-color":"var(--ast-global-color-4)","background-image":"","background-repeat":"repeat","background-position":"center center","background-size":"auto","background-attachment":"scroll","background-type":"","background-media":"","overlay-type":"","overlay-color":"","overlay-opacity":"","overlay-gradient":""}},"footnotes":""},"class_list":["post-105","page","type-page","status-publish","hentry"],"_links":{"self":[{"href":"https:\/\/gonencteknoloji.com\/index.php?rest_route=\/wp\/v2\/pages\/105","targetHints":{"allow":["GET"]}}],"collection":[{"href":"https:\/\/gonencteknoloji.com\/index.php?rest_route=\/wp\/v2\/pages"}],"about":[{"href":"https:\/\/gonencteknoloji.com\/index.php?rest_route=\/wp\/v2\/types\/page"}],"author":[{"embeddable":true,"href":"https:\/\/gonencteknoloji.com\/index.php?rest_route=\/wp\/v2\/users\/1"}],"replies":[{"embeddable":true,"href":"https:\/\/gonencteknoloji.com\/index.php?rest_route=%2Fwp%2Fv2%2Fcomments&post=105"}],"version-history":[{"count":3,"href":"https:\/\/gonencteknoloji.com\/index.php?rest_route=\/wp\/v2\/pages\/105\/revisions"}],"predecessor-version":[{"id":153,"href":"https:\/\/gonencteknoloji.com\/index.php?rest_route=\/wp\/v2\/pages\/105\/revisions\/153"}],"wp:attachment":[{"href":"https:\/\/gonencteknoloji.com\/index.php?rest_route=%2Fwp%2Fv2%2Fmedia&parent=105"}],"curies":[{"name":"wp","href":"https:\/\/api.w.org\/{rel}","templated":true}]}}