{"id":102,"date":"2025-12-24T12:35:09","date_gmt":"2025-12-24T12:35:09","guid":{"rendered":"https:\/\/gonencteknoloji.com\/?page_id=102"},"modified":"2025-12-24T12:35:09","modified_gmt":"2025-12-24T12:35:09","slug":"sistem-network-danismanligi","status":"publish","type":"page","link":"https:\/\/gonencteknoloji.com\/?page_id=102","title":{"rendered":"Sistem &#038; Network Dan\u0131\u015fmanl\u0131\u011f\u0131"},"content":{"rendered":"<p>\u015eirket a\u011f\u0131n\u0131z\u0131 g\u00fcvenli ve y\u00f6netilebilir hale getirir; performans ve s\u00fcreklilik i\u00e7in en do\u011fru mimariyi kurar\u0131z.<\/p>\n<p>A\u011f topolojisi tasar\u0131m\u0131, VLAN\/segmentasyon<br \/>\nSwitch\/Router y\u00f6netimi, kablosuz altyap\u0131<br \/>\n\u0130zleme, kapasite planlama, performans iyile\u015ftirme<br \/>\nDok\u00fcmantasyon ve standartla\u015ft\u0131rma<br \/>\n\u00c7\u0131kt\u0131: Yol haritas\u0131 + uygulanm\u0131\u015f yap\u0131 + dok\u00fcmantasyon.<\/p>\n","protected":false},"excerpt":{"rendered":"<p>\u015eirket a\u011f\u0131n\u0131z\u0131 g\u00fcvenli ve y\u00f6netilebilir hale getirir; performans ve s\u00fcreklilik i\u00e7in en do\u011fru mimariyi kurar\u0131z. A\u011f topolojisi tasar\u0131m\u0131, VLAN\/segmentasyon Switch\/Router y\u00f6netimi, kablosuz altyap\u0131 \u0130zleme, kapasite planlama, performans iyile\u015ftirme Dok\u00fcmantasyon ve standartla\u015ft\u0131rma \u00c7\u0131kt\u0131: Yol haritas\u0131 + uygulanm\u0131\u015f yap\u0131 + dok\u00fcmantasyon.<\/p>\n","protected":false},"author":1,"featured_media":0,"parent":0,"menu_order":0,"comment_status":"closed","ping_status":"closed","template":"","meta":{"site-sidebar-layout":"default","site-content-layout":"","ast-site-content-layout":"default","site-content-style":"default","site-sidebar-style":"default","ast-global-header-display":"","ast-banner-title-visibility":"","ast-main-header-display":"","ast-hfb-above-header-display":"","ast-hfb-below-header-display":"","ast-hfb-mobile-header-display":"","site-post-title":"","ast-breadcrumbs-content":"","ast-featured-img":"","footer-sml-layout":"","ast-disable-related-posts":"","theme-transparent-header-meta":"default","adv-header-id-meta":"","stick-header-meta":"","header-above-stick-meta":"","header-main-stick-meta":"","header-below-stick-meta":"","astra-migrate-meta-layouts":"set","ast-page-background-enabled":"default","ast-page-background-meta":{"desktop":{"background-color":"var(--ast-global-color-5)","background-image":"","background-repeat":"repeat","background-position":"center center","background-size":"auto","background-attachment":"scroll","background-type":"","background-media":"","overlay-type":"","overlay-color":"","overlay-opacity":"","overlay-gradient":""},"tablet":{"background-color":"","background-image":"","background-repeat":"repeat","background-position":"center center","background-size":"auto","background-attachment":"scroll","background-type":"","background-media":"","overlay-type":"","overlay-color":"","overlay-opacity":"","overlay-gradient":""},"mobile":{"background-color":"","background-image":"","background-repeat":"repeat","background-position":"center center","background-size":"auto","background-attachment":"scroll","background-type":"","background-media":"","overlay-type":"","overlay-color":"","overlay-opacity":"","overlay-gradient":""}},"ast-content-background-meta":{"desktop":{"background-color":"var(--ast-global-color-4)","background-image":"","background-repeat":"repeat","background-position":"center center","background-size":"auto","background-attachment":"scroll","background-type":"","background-media":"","overlay-type":"","overlay-color":"","overlay-opacity":"","overlay-gradient":""},"tablet":{"background-color":"var(--ast-global-color-4)","background-image":"","background-repeat":"repeat","background-position":"center center","background-size":"auto","background-attachment":"scroll","background-type":"","background-media":"","overlay-type":"","overlay-color":"","overlay-opacity":"","overlay-gradient":""},"mobile":{"background-color":"var(--ast-global-color-4)","background-image":"","background-repeat":"repeat","background-position":"center center","background-size":"auto","background-attachment":"scroll","background-type":"","background-media":"","overlay-type":"","overlay-color":"","overlay-opacity":"","overlay-gradient":""}},"footnotes":""},"class_list":["post-102","page","type-page","status-publish","hentry"],"_links":{"self":[{"href":"https:\/\/gonencteknoloji.com\/index.php?rest_route=\/wp\/v2\/pages\/102","targetHints":{"allow":["GET"]}}],"collection":[{"href":"https:\/\/gonencteknoloji.com\/index.php?rest_route=\/wp\/v2\/pages"}],"about":[{"href":"https:\/\/gonencteknoloji.com\/index.php?rest_route=\/wp\/v2\/types\/page"}],"author":[{"embeddable":true,"href":"https:\/\/gonencteknoloji.com\/index.php?rest_route=\/wp\/v2\/users\/1"}],"replies":[{"embeddable":true,"href":"https:\/\/gonencteknoloji.com\/index.php?rest_route=%2Fwp%2Fv2%2Fcomments&post=102"}],"version-history":[{"count":1,"href":"https:\/\/gonencteknoloji.com\/index.php?rest_route=\/wp\/v2\/pages\/102\/revisions"}],"predecessor-version":[{"id":103,"href":"https:\/\/gonencteknoloji.com\/index.php?rest_route=\/wp\/v2\/pages\/102\/revisions\/103"}],"wp:attachment":[{"href":"https:\/\/gonencteknoloji.com\/index.php?rest_route=%2Fwp%2Fv2%2Fmedia&parent=102"}],"curies":[{"name":"wp","href":"https:\/\/api.w.org\/{rel}","templated":true}]}}